{"id":1002,"date":"2025-09-12T07:14:38","date_gmt":"2025-09-12T05:14:38","guid":{"rendered":"https:\/\/portfolio.tsao-tsao.com\/?page_id=1002"},"modified":"2025-09-12T07:14:38","modified_gmt":"2025-09-12T05:14:38","slug":"qui-quoi-ou-quand-comment-combien-pourquoi","status":"publish","type":"page","link":"https:\/\/portfolio.tsao-tsao.com\/?page_id=1002","title":{"rendered":"Qui ? Quoi ? O\u00f9 ? Quand ? Comment ? Combien ? Pourquoi ?"},"content":{"rendered":"\n<p>Tout le monde conna\u00eet la formule QQOQCCP.<\/p>\n\n\n\n<p>Cette m\u00e9thode permet de faire la diagnostic d&rsquo;une situation en se posant les bonnes questions. Encore faut-il les connaitre ?<\/p>\n\n\n\n<p>Le formulaire que j&rsquo;ai \u00e9crit permet de s\u00e9lectionner une pr\u00e9occupation et d&rsquo;ensuite r\u00e9pondre \u00e0 celle-ci juste en dessous et ceci pour chaque lettre de la m\u00e9thode QQOQCCP.<\/p>\n\n\n\n<p>Le plus : <\/p>\n\n\n\n<ul class=\"wp-block-list\">\n<li>une base de donn\u00e9es des questions<\/li>\n\n\n\n<li>la possibilit\u00e9 d&rsquo;en ajouter suivant les situations<\/li>\n\n\n\n<li>proposer cela comme un quizz auquel il faut r\u00e9pondre<\/li>\n<\/ul>\n\n\n\n<p>Vouloir utiliser la m\u00e9thode QQOQCCP sans avoir les bonnes questions ne donnent pas de bonnes r\u00e9ponse sinon pas de r\u00e9ponse du tout.<\/p>\n\n\n\n<p>Alors pensez-y. C&rsquo;est un vrai plus pour vos \u00e9quipes.<\/p>\n\n\n\n<p><\/p>\n","protected":false},"excerpt":{"rendered":"<p>Tout le monde conna\u00eet la formule QQOQCCP. Cette m\u00e9thode permet de faire la diagnostic d&rsquo;une situation en se posant les [&hellip;]<\/p>\n","protected":false},"author":1,"featured_media":0,"parent":0,"menu_order":0,"comment_status":"closed","ping_status":"closed","template":"","meta":{"_eb_attr":"","site-sidebar-layout":"default","site-content-layout":"","ast-site-content-layout":"","site-content-style":"default","site-sidebar-style":"default","ast-global-header-display":"","ast-banner-title-visibility":"","ast-main-header-display":"","ast-hfb-above-header-display":"","ast-hfb-below-header-display":"","ast-hfb-mobile-header-display":"","site-post-title":"","ast-breadcrumbs-content":"","ast-featured-img":"","footer-sml-layout":"","theme-transparent-header-meta":"","adv-header-id-meta":"","stick-header-meta":"","header-above-stick-meta":"","header-main-stick-meta":"","header-below-stick-meta":"","astra-migrate-meta-layouts":"default","ast-page-background-enabled":"default","ast-page-background-meta":{"desktop":{"background-color":"var(--ast-global-color-5)","background-image":"","background-repeat":"repeat","background-position":"center center","background-size":"auto","background-attachment":"scroll","background-type":"","background-media":"","overlay-type":"","overlay-color":"","overlay-opacity":"","overlay-gradient":""},"tablet":{"background-color":"","background-image":"","background-repeat":"repeat","background-position":"center center","background-size":"auto","background-attachment":"scroll","background-type":"","background-media":"","overlay-type":"","overlay-color":"","overlay-opacity":"","overlay-gradient":""},"mobile":{"background-color":"","background-image":"","background-repeat":"repeat","background-position":"center center","background-size":"auto","background-attachment":"scroll","background-type":"","background-media":"","overlay-type":"","overlay-color":"","overlay-opacity":"","overlay-gradient":""}},"ast-content-background-meta":{"desktop":{"background-color":"var(--ast-global-color-4)","background-image":"","background-repeat":"repeat","background-position":"center center","background-size":"auto","background-attachment":"scroll","background-type":"","background-media":"","overlay-type":"","overlay-color":"","overlay-opacity":"","overlay-gradient":""},"tablet":{"background-color":"var(--ast-global-color-4)","background-image":"","background-repeat":"repeat","background-position":"center center","background-size":"auto","background-attachment":"scroll","background-type":"","background-media":"","overlay-type":"","overlay-color":"","overlay-opacity":"","overlay-gradient":""},"mobile":{"background-color":"var(--ast-global-color-4)","background-image":"","background-repeat":"repeat","background-position":"center center","background-size":"auto","background-attachment":"scroll","background-type":"","background-media":"","overlay-type":"","overlay-color":"","overlay-opacity":"","overlay-gradient":""}},"footnotes":""},"class_list":["post-1002","page","type-page","status-publish","hentry"],"_links":{"self":[{"href":"https:\/\/portfolio.tsao-tsao.com\/index.php?rest_route=\/wp\/v2\/pages\/1002","targetHints":{"allow":["GET"]}}],"collection":[{"href":"https:\/\/portfolio.tsao-tsao.com\/index.php?rest_route=\/wp\/v2\/pages"}],"about":[{"href":"https:\/\/portfolio.tsao-tsao.com\/index.php?rest_route=\/wp\/v2\/types\/page"}],"author":[{"embeddable":true,"href":"https:\/\/portfolio.tsao-tsao.com\/index.php?rest_route=\/wp\/v2\/users\/1"}],"replies":[{"embeddable":true,"href":"https:\/\/portfolio.tsao-tsao.com\/index.php?rest_route=%2Fwp%2Fv2%2Fcomments&post=1002"}],"version-history":[{"count":1,"href":"https:\/\/portfolio.tsao-tsao.com\/index.php?rest_route=\/wp\/v2\/pages\/1002\/revisions"}],"predecessor-version":[{"id":1003,"href":"https:\/\/portfolio.tsao-tsao.com\/index.php?rest_route=\/wp\/v2\/pages\/1002\/revisions\/1003"}],"wp:attachment":[{"href":"https:\/\/portfolio.tsao-tsao.com\/index.php?rest_route=%2Fwp%2Fv2%2Fmedia&parent=1002"}],"curies":[{"name":"wp","href":"https:\/\/api.w.org\/{rel}","templated":true}]}}