{"id":1010,"date":"2025-09-12T07:31:52","date_gmt":"2025-09-12T05:31:52","guid":{"rendered":"https:\/\/portfolio.tsao-tsao.com\/?page_id=1010"},"modified":"2025-09-12T07:41:51","modified_gmt":"2025-09-12T05:41:51","slug":"questionnaire-strategique","status":"publish","type":"page","link":"https:\/\/portfolio.tsao-tsao.com\/?page_id=1010","title":{"rendered":"Questionnaire strat\u00e9gique"},"content":{"rendered":"\n<p>Au sein m\u00eame de ce site est nich\u00e9 un questionnaire que j&rsquo;utilise pour les projets client\u00e8les. Vous ne le verrez pas si vous ne m&rsquo;envoyez pas un message avec votre projet ou vos attentes en mati\u00e8re de d\u00e9veloppement, cr\u00e9ations graphiques, communications, lancement de produits, audit, conseil, formation&#8230;.<\/p>\n\n\n\n<p>Si vous voulez le voir mais surtout si vous avez un r\u00e9el besoin alors n&rsquo;h\u00e9sitez \u00e0 me contacter.<\/p>\n\n\n\n<p>Le but de ce questionnaire et de vous amener \u00e0 parler de vous, de votre entreprise, de vos d\u00e9sid\u00e9ratas en mati\u00e8re d&rsquo;\u00e9volution de celle-ci. Vous devrez r\u00e9pondre \u00e0 pas mal de questions qui ne sont pas psychologiques mais demandent un maximum d&rsquo;honn\u00eatet\u00e9 afin de nous faire entrer dans votre monde, votre domaine d&rsquo;activit\u00e9s, vos relations aux autres et surtout vos envies d&rsquo;\u00e9volution, de r\u00e9volution m\u00eame.<\/p>\n\n\n\n<p>Ce questionnaire est scind\u00e9 en plusieurs parties afin de ne pas accaparer votre temps et vous lasser. Chaque partie contient 4 \u00e0 5 pages maximum pour une quinzaine de questions. En voici les th\u00e8mes :<\/p>\n\n\n\n<ul class=\"wp-block-list\">\n<li>Explique-moi ton projet. Une simple page contenant les liens pour les trois pages de formulaires ci-dessous et expliquant <\/li>\n\n\n\n<li>Dis m&rsquo;en plus sur ton business.<\/li>\n\n\n\n<li>Ici, on parle marketing.<\/li>\n\n\n\n<li>Et l&rsquo;aspect graphique alors !<\/li>\n<\/ul>\n\n\n\n<p><\/p>\n","protected":false},"excerpt":{"rendered":"<p>Au sein m\u00eame de ce site est nich\u00e9 un questionnaire que j&rsquo;utilise pour les projets client\u00e8les. Vous ne le verrez [&hellip;]<\/p>\n","protected":false},"author":1,"featured_media":0,"parent":0,"menu_order":0,"comment_status":"closed","ping_status":"closed","template":"","meta":{"_eb_attr":"","site-sidebar-layout":"default","site-content-layout":"","ast-site-content-layout":"","site-content-style":"default","site-sidebar-style":"default","ast-global-header-display":"","ast-banner-title-visibility":"","ast-main-header-display":"","ast-hfb-above-header-display":"","ast-hfb-below-header-display":"","ast-hfb-mobile-header-display":"","site-post-title":"","ast-breadcrumbs-content":"","ast-featured-img":"","footer-sml-layout":"","theme-transparent-header-meta":"","adv-header-id-meta":"","stick-header-meta":"","header-above-stick-meta":"","header-main-stick-meta":"","header-below-stick-meta":"","astra-migrate-meta-layouts":"default","ast-page-background-enabled":"default","ast-page-background-meta":{"desktop":{"background-color":"var(--ast-global-color-5)","background-image":"","background-repeat":"repeat","background-position":"center center","background-size":"auto","background-attachment":"scroll","background-type":"","background-media":"","overlay-type":"","overlay-color":"","overlay-opacity":"","overlay-gradient":""},"tablet":{"background-color":"","background-image":"","background-repeat":"repeat","background-position":"center center","background-size":"auto","background-attachment":"scroll","background-type":"","background-media":"","overlay-type":"","overlay-color":"","overlay-opacity":"","overlay-gradient":""},"mobile":{"background-color":"","background-image":"","background-repeat":"repeat","background-position":"center center","background-size":"auto","background-attachment":"scroll","background-type":"","background-media":"","overlay-type":"","overlay-color":"","overlay-opacity":"","overlay-gradient":""}},"ast-content-background-meta":{"desktop":{"background-color":"var(--ast-global-color-4)","background-image":"","background-repeat":"repeat","background-position":"center center","background-size":"auto","background-attachment":"scroll","background-type":"","background-media":"","overlay-type":"","overlay-color":"","overlay-opacity":"","overlay-gradient":""},"tablet":{"background-color":"var(--ast-global-color-4)","background-image":"","background-repeat":"repeat","background-position":"center center","background-size":"auto","background-attachment":"scroll","background-type":"","background-media":"","overlay-type":"","overlay-color":"","overlay-opacity":"","overlay-gradient":""},"mobile":{"background-color":"var(--ast-global-color-4)","background-image":"","background-repeat":"repeat","background-position":"center center","background-size":"auto","background-attachment":"scroll","background-type":"","background-media":"","overlay-type":"","overlay-color":"","overlay-opacity":"","overlay-gradient":""}},"footnotes":""},"class_list":["post-1010","page","type-page","status-publish","hentry"],"_links":{"self":[{"href":"https:\/\/portfolio.tsao-tsao.com\/index.php?rest_route=\/wp\/v2\/pages\/1010","targetHints":{"allow":["GET"]}}],"collection":[{"href":"https:\/\/portfolio.tsao-tsao.com\/index.php?rest_route=\/wp\/v2\/pages"}],"about":[{"href":"https:\/\/portfolio.tsao-tsao.com\/index.php?rest_route=\/wp\/v2\/types\/page"}],"author":[{"embeddable":true,"href":"https:\/\/portfolio.tsao-tsao.com\/index.php?rest_route=\/wp\/v2\/users\/1"}],"replies":[{"embeddable":true,"href":"https:\/\/portfolio.tsao-tsao.com\/index.php?rest_route=%2Fwp%2Fv2%2Fcomments&post=1010"}],"version-history":[{"count":5,"href":"https:\/\/portfolio.tsao-tsao.com\/index.php?rest_route=\/wp\/v2\/pages\/1010\/revisions"}],"predecessor-version":[{"id":1018,"href":"https:\/\/portfolio.tsao-tsao.com\/index.php?rest_route=\/wp\/v2\/pages\/1010\/revisions\/1018"}],"wp:attachment":[{"href":"https:\/\/portfolio.tsao-tsao.com\/index.php?rest_route=%2Fwp%2Fv2%2Fmedia&parent=1010"}],"curies":[{"name":"wp","href":"https:\/\/api.w.org\/{rel}","templated":true}]}}