{"id":631,"date":"2025-05-04T16:55:29","date_gmt":"2025-05-04T14:55:29","guid":{"rendered":"https:\/\/portfolio.tsao-tsao.com\/?page_id=631"},"modified":"2025-09-12T14:30:24","modified_gmt":"2025-09-12T12:30:24","slug":"documents","status":"publish","type":"page","link":"https:\/\/portfolio.tsao-tsao.com\/?page_id=631","title":{"rendered":"Documents CDUI"},"content":{"rendered":"\n<p>Cette page rassemble les liens vers quelques documents r\u00e9alis\u00e9s pendant la formation de Concepteur Designer UI (User Interface) Chez Adapeco pendant la p\u00e9riode du 12 d\u00e9cembre \u00e0 ce jour.<\/p>\n\n\n\n<ul class=\"wp-block-list\">\n<li><a href=\"https:\/\/portfolio.tsao-tsao.com\/?page_id=638\">R\u00e9sum\u00e9 du REAC CDUI<\/a> (r\u00e9f\u00e9rentiel emploi activit\u00e9 comp\u00e9tence du titre professionnel RNCP35634 de concepteur designer UI) &#8211; Foad du 19 d\u00e9cembre 2024<\/li>\n\n\n\n<li>Pr\u00e9sentation et projets possibles pendant la formation &#8211; Foad du 23 d\u00e9cembre 2023<\/li>\n\n\n\n<li>R\u00e9alisation du curriculum vitae en place sur ce site \u00e0 <a href=\"https:\/\/portfolio.tsao-tsao.com\/?page_id=46\">cette adresse<\/a><\/li>\n\n\n\n<li>Veille Decathlon &#8211; Foad du 29 janvier 2025<\/li>\n\n\n\n<li>Logo Yokzi &#8211; Foad du 22 janvier 2025<\/li>\n\n\n\n<li>Travail en \u00e9quipe : Qu&rsquo;est-ce que la veille technologique ?<\/li>\n\n\n\n<li>Sooshi Truck &#8211; diff\u00e9rents travaux\n<ul class=\"wp-block-list\">\n<li><a href=\"https:\/\/portfolio.tsao-tsao.com\/?page_id=805\">Moodboard<\/a><\/li>\n\n\n\n<li>Logotype<\/li>\n\n\n\n<li><a href=\"https:\/\/portfolio.tsao-tsao.com\/?page_id=800\">Analyse de la concurrence et pr\u00e9sentation du concept<\/a><\/li>\n\n\n\n<li><a href=\"https:\/\/portfolio.tsao-tsao.com\/?page_id=778\">Charte Graphique<\/a><\/li>\n<\/ul>\n<\/li>\n\n\n\n<li>Projet Caf\u00e9\n<ul class=\"wp-block-list\">\n<li>Moodboard<\/li>\n\n\n\n<li>Logotype<\/li>\n\n\n\n<li><a href=\"https:\/\/portfolio.tsao-tsao.com\/?page_id=706\">Pr\u00e9sentation et veille concurrentielle<\/a><\/li>\n\n\n\n<li><a href=\"https:\/\/portfolio.tsao-tsao.com\/?page_id=1020\">Newsletter<\/a><\/li>\n\n\n\n<li><a href=\"https:\/\/portfolio.tsao-tsao.com\/?page_id=968\">Ligne \u00e9ditoriale et planning<\/a><\/li>\n\n\n\n<li>Vid\u00e9o de pr\u00e9sentation : s\u00e9quence nostalgie<\/li>\n<\/ul>\n<\/li>\n\n\n\n<li>Projet en \u00e9quipe commun avec les CDA : Anim&rsquo;track\n<ul class=\"wp-block-list\">\n<li>Logotype<\/li>\n\n\n\n<li>Site internet : Zoning, Wireframe et <a href=\"https:\/\/portfolio.tsao-tsao.com\/?page_id=975\">Maquette\/Prototype sur Figma<\/a><\/li>\n<\/ul>\n<\/li>\n\n\n\n<li>Re-cr\u00e9ation d&rsquo;une page web d&rsquo;apr\u00e8s mod\u00e8le PDF : disponible ici<\/li>\n\n\n\n<li>Maona &#8211; diff\u00e9rents travaux\n<ul class=\"wp-block-list\">\n<li>Moodboard Logotypes<\/li>\n\n\n\n<li>Logotype Maona &#8211; Foad du 24-25 avril 2025 + journ\u00e9e du 28 et partie de celle du 29 avril 2025<\/li>\n\n\n\n<li><a href=\"https:\/\/portfolio.tsao-tsao.com\/?page_id=629\">Charte Graphique Maona<\/a> r\u00e9alisation entre le 29 avril et le 2 mai 2025<\/li>\n\n\n\n<li>Site internet : Zoning, Wireframe et Maquette\/Prototype sur Figma<\/li>\n<\/ul>\n<\/li>\n\n\n\n<li><a href=\"https:\/\/portfolio.tsao-tsao.com\/?page_id=926\" data-type=\"page\" data-id=\"926\">H\u00f4tel Beach House<\/a> : vid\u00e9o de pr\u00e9sentation (apprentissage Adobe After Effects)<\/li>\n\n\n\n<li>Travail en \u00e9quipe sur le storyboard (avec Esteban et Julien) : <a href=\"https:\/\/portfolio.tsao-tsao.com\/?page_id=962\">Storyboard &#8211; Les plans au cin\u00e9ma<\/a><\/li>\n<\/ul>\n\n\n\n<p><\/p>\n","protected":false},"excerpt":{"rendered":"<p>Cette page rassemble les liens vers quelques documents r\u00e9alis\u00e9s pendant la formation de Concepteur Designer UI (User Interface) Chez Adapeco [&hellip;]<\/p>\n","protected":false},"author":1,"featured_media":0,"parent":0,"menu_order":0,"comment_status":"closed","ping_status":"closed","template":"","meta":{"_eb_attr":"","site-sidebar-layout":"default","site-content-layout":"","ast-site-content-layout":"","site-content-style":"default","site-sidebar-style":"default","ast-global-header-display":"","ast-banner-title-visibility":"","ast-main-header-display":"","ast-hfb-above-header-display":"","ast-hfb-below-header-display":"","ast-hfb-mobile-header-display":"","site-post-title":"","ast-breadcrumbs-content":"","ast-featured-img":"","footer-sml-layout":"","theme-transparent-header-meta":"","adv-header-id-meta":"","stick-header-meta":"","header-above-stick-meta":"","header-main-stick-meta":"","header-below-stick-meta":"","astra-migrate-meta-layouts":"default","ast-page-background-enabled":"default","ast-page-background-meta":{"desktop":{"background-color":"var(--ast-global-color-5)","background-image":"","background-repeat":"repeat","background-position":"center center","background-size":"auto","background-attachment":"scroll","background-type":"","background-media":"","overlay-type":"","overlay-color":"","overlay-opacity":"","overlay-gradient":""},"tablet":{"background-color":"","background-image":"","background-repeat":"repeat","background-position":"center center","background-size":"auto","background-attachment":"scroll","background-type":"","background-media":"","overlay-type":"","overlay-color":"","overlay-opacity":"","overlay-gradient":""},"mobile":{"background-color":"","background-image":"","background-repeat":"repeat","background-position":"center center","background-size":"auto","background-attachment":"scroll","background-type":"","background-media":"","overlay-type":"","overlay-color":"","overlay-opacity":"","overlay-gradient":""}},"ast-content-background-meta":{"desktop":{"background-color":"var(--ast-global-color-4)","background-image":"","background-repeat":"repeat","background-position":"center center","background-size":"auto","background-attachment":"scroll","background-type":"","background-media":"","overlay-type":"","overlay-color":"","overlay-opacity":"","overlay-gradient":""},"tablet":{"background-color":"var(--ast-global-color-4)","background-image":"","background-repeat":"repeat","background-position":"center center","background-size":"auto","background-attachment":"scroll","background-type":"","background-media":"","overlay-type":"","overlay-color":"","overlay-opacity":"","overlay-gradient":""},"mobile":{"background-color":"var(--ast-global-color-4)","background-image":"","background-repeat":"repeat","background-position":"center center","background-size":"auto","background-attachment":"scroll","background-type":"","background-media":"","overlay-type":"","overlay-color":"","overlay-opacity":"","overlay-gradient":""}},"footnotes":""},"class_list":["post-631","page","type-page","status-publish","hentry"],"_links":{"self":[{"href":"https:\/\/portfolio.tsao-tsao.com\/index.php?rest_route=\/wp\/v2\/pages\/631","targetHints":{"allow":["GET"]}}],"collection":[{"href":"https:\/\/portfolio.tsao-tsao.com\/index.php?rest_route=\/wp\/v2\/pages"}],"about":[{"href":"https:\/\/portfolio.tsao-tsao.com\/index.php?rest_route=\/wp\/v2\/types\/page"}],"author":[{"embeddable":true,"href":"https:\/\/portfolio.tsao-tsao.com\/index.php?rest_route=\/wp\/v2\/users\/1"}],"replies":[{"embeddable":true,"href":"https:\/\/portfolio.tsao-tsao.com\/index.php?rest_route=%2Fwp%2Fv2%2Fcomments&post=631"}],"version-history":[{"count":23,"href":"https:\/\/portfolio.tsao-tsao.com\/index.php?rest_route=\/wp\/v2\/pages\/631\/revisions"}],"predecessor-version":[{"id":1029,"href":"https:\/\/portfolio.tsao-tsao.com\/index.php?rest_route=\/wp\/v2\/pages\/631\/revisions\/1029"}],"wp:attachment":[{"href":"https:\/\/portfolio.tsao-tsao.com\/index.php?rest_route=%2Fwp%2Fv2%2Fmedia&parent=631"}],"curies":[{"name":"wp","href":"https:\/\/api.w.org\/{rel}","templated":true}]}}