{"id":638,"date":"2025-05-04T17:33:08","date_gmt":"2025-05-04T15:33:08","guid":{"rendered":"https:\/\/portfolio.tsao-tsao.com\/?page_id=638"},"modified":"2025-05-04T19:35:04","modified_gmt":"2025-05-04T17:35:04","slug":"resume-du-reac-cdui","status":"publish","type":"page","link":"https:\/\/portfolio.tsao-tsao.com\/?page_id=638","title":{"rendered":"R\u00e9sum\u00e9 du REAC CDUI"},"content":{"rendered":"\n<p>Ceci est un r\u00e9sum\u00e9 du R\u00e9f\u00e9renciel emploi activit\u00e9 formation RNCP34634 pour le titre professionnel concepteur designer UI (user interface).<\/p>\n\n\n\n<p>Ce r\u00e9sum\u00e9 a \u00e9t\u00e9 fait \u00e0 l&rsquo;occasion de la lecture de ce document en d\u00e9but de ma formation chez Adepeco le 19 d\u00e9cembre 2024<\/p>\n\n\n\n<p>Ce document est disponible en t\u00e9l\u00e9chargement sur le site de France comp\u00e9tences \u00e0 l&rsquo;adresse suivante : <a href=\"https:\/\/www.francecompetences.fr\/recherche\/rncp\/35634\/\">TP &#8211; Concepteur designer UI<\/a><\/p>\n\n\n<div class=\"_df_book df-lite\" id=\"df_653\"  _slug=\"resume-reac\" data-title=\"resume-reac\" wpoptions=\"true\" thumb=\"http:\/\/portfolio.tsao-tsao.com\/wordpress_folder\/wp-content\/uploads\/2025\/05\/resume_reac_p1.webp\" thumbtype=\"\" ><\/div><script class=\"df-shortcode-script\" nowprocket type=\"application\/javascript\">window.option_df_653 = {\"outline\":[],\"backgroundColor\":\"#ffffff\",\"autoEnableOutline\":\"false\",\"autoEnableThumbnail\":\"false\",\"overwritePDFOutline\":\"false\",\"direction\":\"1\",\"pageSize\":\"0\",\"source\":[\"http:\\\/\\\/portfolio.tsao-tsao.com\\\/wordpress_folder\\\/wp-content\\\/uploads\\\/2025\\\/05\\\/resume_reac_p1.webp\",\"http:\\\/\\\/portfolio.tsao-tsao.com\\\/wordpress_folder\\\/wp-content\\\/uploads\\\/2025\\\/05\\\/resume_reac_p2.webp\",\"http:\\\/\\\/portfolio.tsao-tsao.com\\\/wordpress_folder\\\/wp-content\\\/uploads\\\/2025\\\/05\\\/resume_reac_p3.webp\",\"http:\\\/\\\/portfolio.tsao-tsao.com\\\/wordpress_folder\\\/wp-content\\\/uploads\\\/2025\\\/05\\\/resume_reac_p4.webp\",\"http:\\\/\\\/portfolio.tsao-tsao.com\\\/wordpress_folder\\\/wp-content\\\/uploads\\\/2025\\\/05\\\/resume_reac_p5.webp\",\"http:\\\/\\\/portfolio.tsao-tsao.com\\\/wordpress_folder\\\/wp-content\\\/uploads\\\/2025\\\/05\\\/resume_reac_p6.webp\",\"http:\\\/\\\/portfolio.tsao-tsao.com\\\/wordpress_folder\\\/wp-content\\\/uploads\\\/2025\\\/05\\\/resume_reac_p7.webp\",\"http:\\\/\\\/portfolio.tsao-tsao.com\\\/wordpress_folder\\\/wp-content\\\/uploads\\\/2025\\\/05\\\/resume_reac_p8.webp\",\"http:\\\/\\\/portfolio.tsao-tsao.com\\\/wordpress_folder\\\/wp-content\\\/uploads\\\/2025\\\/05\\\/resume_reac_p9.webp\",\"http:\\\/\\\/portfolio.tsao-tsao.com\\\/wordpress_folder\\\/wp-content\\\/uploads\\\/2025\\\/05\\\/resume_reac_p10.webp\",\"http:\\\/\\\/portfolio.tsao-tsao.com\\\/wordpress_folder\\\/wp-content\\\/uploads\\\/2025\\\/05\\\/resume_reac_p11.webp\",\"http:\\\/\\\/portfolio.tsao-tsao.com\\\/wordpress_folder\\\/wp-content\\\/uploads\\\/2025\\\/05\\\/resume_reac_p12.webp\",\"http:\\\/\\\/portfolio.tsao-tsao.com\\\/wordpress_folder\\\/wp-content\\\/uploads\\\/2025\\\/05\\\/resume_reac_p13.webp\",\"http:\\\/\\\/portfolio.tsao-tsao.com\\\/wordpress_folder\\\/wp-content\\\/uploads\\\/2025\\\/05\\\/resume_reac_p14.webp\"],\"wpOptions\":\"true\",\"links\":[[],[],[],[],[],[],[],[],[],[],[],[],[],[],[]]}; if(window.DFLIP && window.DFLIP.parseBooks){window.DFLIP.parseBooks();}<\/script>\n","protected":false},"excerpt":{"rendered":"<p>Ceci est un r\u00e9sum\u00e9 du R\u00e9f\u00e9renciel emploi activit\u00e9 formation RNCP34634 pour le titre professionnel concepteur designer UI (user interface). Ce [&hellip;]<\/p>\n","protected":false},"author":1,"featured_media":0,"parent":0,"menu_order":0,"comment_status":"closed","ping_status":"closed","template":"","meta":{"_eb_attr":"","site-sidebar-layout":"default","site-content-layout":"","ast-site-content-layout":"","site-content-style":"default","site-sidebar-style":"default","ast-global-header-display":"","ast-banner-title-visibility":"","ast-main-header-display":"","ast-hfb-above-header-display":"","ast-hfb-below-header-display":"","ast-hfb-mobile-header-display":"","site-post-title":"","ast-breadcrumbs-content":"","ast-featured-img":"","footer-sml-layout":"","theme-transparent-header-meta":"","adv-header-id-meta":"","stick-header-meta":"","header-above-stick-meta":"","header-main-stick-meta":"","header-below-stick-meta":"","astra-migrate-meta-layouts":"default","ast-page-background-enabled":"default","ast-page-background-meta":{"desktop":{"background-color":"var(--ast-global-color-5)","background-image":"","background-repeat":"repeat","background-position":"center center","background-size":"auto","background-attachment":"scroll","background-type":"","background-media":"","overlay-type":"","overlay-color":"","overlay-opacity":"","overlay-gradient":""},"tablet":{"background-color":"","background-image":"","background-repeat":"repeat","background-position":"center center","background-size":"auto","background-attachment":"scroll","background-type":"","background-media":"","overlay-type":"","overlay-color":"","overlay-opacity":"","overlay-gradient":""},"mobile":{"background-color":"","background-image":"","background-repeat":"repeat","background-position":"center center","background-size":"auto","background-attachment":"scroll","background-type":"","background-media":"","overlay-type":"","overlay-color":"","overlay-opacity":"","overlay-gradient":""}},"ast-content-background-meta":{"desktop":{"background-color":"var(--ast-global-color-4)","background-image":"","background-repeat":"repeat","background-position":"center center","background-size":"auto","background-attachment":"scroll","background-type":"","background-media":"","overlay-type":"","overlay-color":"","overlay-opacity":"","overlay-gradient":""},"tablet":{"background-color":"var(--ast-global-color-4)","background-image":"","background-repeat":"repeat","background-position":"center center","background-size":"auto","background-attachment":"scroll","background-type":"","background-media":"","overlay-type":"","overlay-color":"","overlay-opacity":"","overlay-gradient":""},"mobile":{"background-color":"var(--ast-global-color-4)","background-image":"","background-repeat":"repeat","background-position":"center center","background-size":"auto","background-attachment":"scroll","background-type":"","background-media":"","overlay-type":"","overlay-color":"","overlay-opacity":"","overlay-gradient":""}},"footnotes":""},"class_list":["post-638","page","type-page","status-publish","hentry"],"_links":{"self":[{"href":"https:\/\/portfolio.tsao-tsao.com\/index.php?rest_route=\/wp\/v2\/pages\/638","targetHints":{"allow":["GET"]}}],"collection":[{"href":"https:\/\/portfolio.tsao-tsao.com\/index.php?rest_route=\/wp\/v2\/pages"}],"about":[{"href":"https:\/\/portfolio.tsao-tsao.com\/index.php?rest_route=\/wp\/v2\/types\/page"}],"author":[{"embeddable":true,"href":"https:\/\/portfolio.tsao-tsao.com\/index.php?rest_route=\/wp\/v2\/users\/1"}],"replies":[{"embeddable":true,"href":"https:\/\/portfolio.tsao-tsao.com\/index.php?rest_route=%2Fwp%2Fv2%2Fcomments&post=638"}],"version-history":[{"count":7,"href":"https:\/\/portfolio.tsao-tsao.com\/index.php?rest_route=\/wp\/v2\/pages\/638\/revisions"}],"predecessor-version":[{"id":671,"href":"https:\/\/portfolio.tsao-tsao.com\/index.php?rest_route=\/wp\/v2\/pages\/638\/revisions\/671"}],"wp:attachment":[{"href":"https:\/\/portfolio.tsao-tsao.com\/index.php?rest_route=%2Fwp%2Fv2%2Fmedia&parent=638"}],"curies":[{"name":"wp","href":"https:\/\/api.w.org\/{rel}","templated":true}]}}