{"id":920,"date":"2025-08-29T09:40:07","date_gmt":"2025-08-29T07:40:07","guid":{"rendered":"https:\/\/portfolio.tsao-tsao.com\/?page_id=920"},"modified":"2025-11-09T20:01:19","modified_gmt":"2025-11-09T19:01:19","slug":"documents-cdui-projet-professionnel","status":"publish","type":"page","link":"https:\/\/portfolio.tsao-tsao.com\/?page_id=920","title":{"rendered":"Documents CDUI &#8211; Projet Professionnel"},"content":{"rendered":"\n<p>Cette page rassemble les liens vers quelques documents r\u00e9alis\u00e9s pendant la formation de Concepteur Designer UI (User Interface) chez Adapeco pendant la p\u00e9riode du 12 d\u00e9cembre \u00e0 ce jour.<\/p>\n\n\n\n<p>Cette page rassemble plus particuli\u00e8rement les documents r\u00e9alis\u00e9s dans le cadre du projet professionnel n\u00e9cessaire au passage du titre professionnel CDUI.<\/p>\n\n\n\n<p>Le projet professionnel est un travail qui regroupe en un seul projet la plupart sinon toutes les connaissance apprises pendant la formation menant au TP CDUI. Chaque apprenant choisit son propre projet selon ces affinit\u00e9s.<\/p>\n\n\n\n<p>De mon cot\u00e9 apr\u00e8s moult tergiversations \u2014 j&rsquo;avais une dizaine de projet possible et tous aussi compliqu\u00e9s \u00e0 mettre en \u0153uvre que celui que j&rsquo;ai fini par choisir \u2014 j&rsquo;ai opt\u00e9 pour un projet de vente d&rsquo;objets et autres services en rapport avec les zelliges arabos-andaloux.<\/p>\n\n\n\n<p>Le but de ce projet est pourtant simple : projeter dans le XXI si\u00e8cle, le troisi\u00e8me mill\u00e9naire ce que les b\u00e2tisseurs arabos-andaloux ont fait \u00e0 la fin du premier et au d\u00e9but du deuxi\u00e8me mill\u00e9naire. C&rsquo;est ce que j&rsquo;essaie de faire par ce site.<\/p>\n\n\n\n<p>Commen\u00e7ons par une page d&rsquo;accueil explicative \u00e0 retrouver sur <a href=\"https:\/\/azuleo.tsao-tsao.com\">azuleo.tsao-tsao.com<\/a>. Cette page explique la base du projet elle est longue mais lisible.<\/p>\n\n\n\n<p>Tout de suite je passe au dossier de Projet. Ce document \u00e0 pr\u00e9senter lors su passage d&rsquo;examen :<\/p>\n\n\n\n<p>\u00e0 retorouver ici : <a href=\"https:\/\/portfolio.tsao-tsao.com\/?page_id=1044\" data-type=\"page\" data-id=\"1044\">Dossier de projet pour le passage du titre professionnel CDUI<\/a><\/p>\n\n\n\n<p><\/p>\n","protected":false},"excerpt":{"rendered":"<p>Cette page rassemble les liens vers quelques documents r\u00e9alis\u00e9s pendant la formation de Concepteur Designer UI (User Interface) chez Adapeco [&hellip;]<\/p>\n","protected":false},"author":1,"featured_media":0,"parent":0,"menu_order":0,"comment_status":"closed","ping_status":"closed","template":"","meta":{"_eb_attr":"","site-sidebar-layout":"default","site-content-layout":"","ast-site-content-layout":"","site-content-style":"default","site-sidebar-style":"default","ast-global-header-display":"","ast-banner-title-visibility":"","ast-main-header-display":"","ast-hfb-above-header-display":"","ast-hfb-below-header-display":"","ast-hfb-mobile-header-display":"","site-post-title":"","ast-breadcrumbs-content":"","ast-featured-img":"","footer-sml-layout":"","theme-transparent-header-meta":"","adv-header-id-meta":"","stick-header-meta":"","header-above-stick-meta":"","header-main-stick-meta":"","header-below-stick-meta":"","astra-migrate-meta-layouts":"default","ast-page-background-enabled":"default","ast-page-background-meta":{"desktop":{"background-color":"var(--ast-global-color-5)","background-image":"","background-repeat":"repeat","background-position":"center center","background-size":"auto","background-attachment":"scroll","background-type":"","background-media":"","overlay-type":"","overlay-color":"","overlay-opacity":"","overlay-gradient":""},"tablet":{"background-color":"","background-image":"","background-repeat":"repeat","background-position":"center center","background-size":"auto","background-attachment":"scroll","background-type":"","background-media":"","overlay-type":"","overlay-color":"","overlay-opacity":"","overlay-gradient":""},"mobile":{"background-color":"","background-image":"","background-repeat":"repeat","background-position":"center center","background-size":"auto","background-attachment":"scroll","background-type":"","background-media":"","overlay-type":"","overlay-color":"","overlay-opacity":"","overlay-gradient":""}},"ast-content-background-meta":{"desktop":{"background-color":"var(--ast-global-color-4)","background-image":"","background-repeat":"repeat","background-position":"center center","background-size":"auto","background-attachment":"scroll","background-type":"","background-media":"","overlay-type":"","overlay-color":"","overlay-opacity":"","overlay-gradient":""},"tablet":{"background-color":"var(--ast-global-color-4)","background-image":"","background-repeat":"repeat","background-position":"center center","background-size":"auto","background-attachment":"scroll","background-type":"","background-media":"","overlay-type":"","overlay-color":"","overlay-opacity":"","overlay-gradient":""},"mobile":{"background-color":"var(--ast-global-color-4)","background-image":"","background-repeat":"repeat","background-position":"center center","background-size":"auto","background-attachment":"scroll","background-type":"","background-media":"","overlay-type":"","overlay-color":"","overlay-opacity":"","overlay-gradient":""}},"footnotes":""},"class_list":["post-920","page","type-page","status-publish","hentry"],"_links":{"self":[{"href":"https:\/\/portfolio.tsao-tsao.com\/index.php?rest_route=\/wp\/v2\/pages\/920","targetHints":{"allow":["GET"]}}],"collection":[{"href":"https:\/\/portfolio.tsao-tsao.com\/index.php?rest_route=\/wp\/v2\/pages"}],"about":[{"href":"https:\/\/portfolio.tsao-tsao.com\/index.php?rest_route=\/wp\/v2\/types\/page"}],"author":[{"embeddable":true,"href":"https:\/\/portfolio.tsao-tsao.com\/index.php?rest_route=\/wp\/v2\/users\/1"}],"replies":[{"embeddable":true,"href":"https:\/\/portfolio.tsao-tsao.com\/index.php?rest_route=%2Fwp%2Fv2%2Fcomments&post=920"}],"version-history":[{"count":11,"href":"https:\/\/portfolio.tsao-tsao.com\/index.php?rest_route=\/wp\/v2\/pages\/920\/revisions"}],"predecessor-version":[{"id":1049,"href":"https:\/\/portfolio.tsao-tsao.com\/index.php?rest_route=\/wp\/v2\/pages\/920\/revisions\/1049"}],"wp:attachment":[{"href":"https:\/\/portfolio.tsao-tsao.com\/index.php?rest_route=%2Fwp%2Fv2%2Fmedia&parent=920"}],"curies":[{"name":"wp","href":"https:\/\/api.w.org\/{rel}","templated":true}]}}