{"id":926,"date":"2025-08-29T10:03:24","date_gmt":"2025-08-29T08:03:24","guid":{"rendered":"https:\/\/portfolio.tsao-tsao.com\/?page_id=926"},"modified":"2025-08-29T12:20:05","modified_gmt":"2025-08-29T10:20:05","slug":"hotel-beach-house","status":"publish","type":"page","link":"https:\/\/portfolio.tsao-tsao.com\/?page_id=926","title":{"rendered":"H\u00f4tel Beach House"},"content":{"rendered":"\n<p>Cette vid\u00e9o a \u00e9t\u00e9 r\u00e9alis\u00e9e du 26 au 28 ao\u00fbt dans le cadre de ma formation CDUI avec Adobe After Effects.<\/p>\n\n\n\n<figure class=\"wp-block-video\"><video controls src=\"https:\/\/tsao-tsao.com\/divers\/travaux\/storyboard_hotel_beach_house\/composition_finale_2.mp4\"><\/video><\/figure>\n\n\n\n<h2 class=\"wp-block-heading\">Storyboard<\/h2>\n\n\n\n<h3 class=\"wp-block-heading\">S\u00e9quence n\u00b0 1 : Introduction<\/h3>\n\n\n\n<ul class=\"wp-block-list\">\n<li>00:00:000 \u00e0 00:05:000 &#8211; dans une chambre, ouverture des rideaux, contrejour, vue vers la plage <\/li>\n<\/ul>\n\n\n\n<h3 class=\"wp-block-heading\">S\u00e9quence n\u00b0 2 : Petit d\u00e9jeuner<\/h3>\n\n\n\n<ul class=\"wp-block-list\">\n<li>00:05:00 : premi\u00e8re musique (am\u00e9liorer le crescendo car la musique est un peu trop pr\u00e9sente rapidement)<\/li>\n\n\n\n<li>00:05:000 \u00e0 00:08.500 &#8211; vue du buffet main s&rsquo;affiche dans le champ (fondue)<\/li>\n\n\n\n<li>00:07:000 \u00e0 00:13.000 &#8211; (fondue) vue des viennoiseries (fondue)<\/li>\n\n\n\n<li>00:11:500 \u00e0 00:16.750 &#8211; (fondue) femme assise boit un caf\u00e9 (fondue)<\/li>\n<\/ul>\n\n\n\n<h3 class=\"wp-block-heading\">S\u00e9quence n\u00b0 3 : Balade matinale et piscine<\/h3>\n\n\n\n<ul class=\"wp-block-list\">\n<li>00:16.750 \u00e0 00:30.750 &#8211; faire le d\u00e9tail<\/li>\n<\/ul>\n\n\n\n<h3 class=\"wp-block-heading\">S\u00e9quence n\u00b0 4 : Visite de l&rsquo;int\u00e9rieur d&rsquo;une suite<\/h3>\n\n\n\n<ul class=\"wp-block-list\">\n<li>00:28.500 \u00e0 00:51.750 &#8211; faire le d\u00e9tail<\/li>\n<\/ul>\n\n\n\n<h3 class=\"wp-block-heading\">S\u00e9quence n\u00b0 5 : Activit\u00e9s de fin de matin\u00e9e<\/h3>\n\n\n\n<ul class=\"wp-block-list\">\n<li>00:51.500 \u00e0 01:04.750 : faire le d\u00e9tail (cocktail de fruits pour certains plong\u00e9e pour d&rsquo;autres)<\/li>\n<\/ul>\n\n\n\n<h3 class=\"wp-block-heading\">S\u00e9quence n\u00b0 6 : Visite de la vieille ville proche<\/h3>\n\n\n\n<ul class=\"wp-block-list\">\n<li>01:03.750 &#8211; changement de musique (plus traditionnelle)<\/li>\n\n\n\n<li>01:03.750 \u00e0 01:15.750 : faire le d\u00e9tail<\/li>\n<\/ul>\n\n\n\n<h3 class=\"wp-block-heading\">S\u00e9quence n\u00b0 7 : visite d&rsquo;un mus\u00e9e du Carnaval &#8211; soir\u00e9e Carnaval<\/h3>\n\n\n\n<ul class=\"wp-block-list\">\n<li>01:15.750 \u00e0 01:25.000 : faire le d\u00e9tail<\/li>\n<\/ul>\n\n\n\n<h3 class=\"wp-block-heading\">S\u00e9quence n\u00b0 8 : soir\u00e9e activit\u00e9s d\u00e9lassantes, flemmardise, farniente<\/h3>\n\n\n\n<ul class=\"wp-block-list\">\n<li>01:24.000 \u00e0 01:53.500 &#8211; faire le d\u00e9tail<\/li>\n<\/ul>\n\n\n\n<h3 class=\"wp-block-heading\">S\u00e9quence n\u00b0 9 : Repas du soir : produits du terroir et gastronomie<\/h3>\n\n\n\n<ul class=\"wp-block-list\">\n<li>01:50.500 \u00e0 01:58.125 &#8211; faire le d\u00e9tail<\/li>\n<\/ul>\n\n\n\n<h3 class=\"wp-block-heading\">S\u00e9quence n\u00b0 10 : Fin de soir\u00e9e au bar<\/h3>\n\n\n\n<ul class=\"wp-block-list\">\n<li>01:57.125 \u00e0 02:05.250 : faire le d\u00e9tail<\/li>\n<\/ul>\n\n\n\n<h3 class=\"wp-block-heading\">S\u00e9quence n\u00b0 11 : g\u00e9n\u00e9rique<\/h3>\n\n\n\n<ul class=\"wp-block-list\">\n<li>02:03.875 \u00e0 02:12.000 : (fondue) vue fixe de l&rsquo;h\u00f4tel de nuit, logo et accroche<\/li>\n\n\n\n<li>02:12:000 \u00e0 02:20:000 : copyright du montage decrescenco de la musique<\/li>\n<\/ul>\n\n\n\n<p><\/p>\n\n\n\n<hr class=\"wp-block-separator has-alpha-channel-opacity\"\/>\n\n\n\n<h2 class=\"wp-block-heading\">Cr\u00e9dits vid\u00e9os<\/h2>\n\n\n\n<p>L&rsquo;ensemble des extraits videos de ce montage After Effects a \u00e9t\u00e9 trouv\u00e9 sur le site pexels.com<\/p>\n\n\n\n<p>Ces videos sont t\u00e9l\u00e9chargeables et utilisables gratuitement conform\u00e9ment \u00e0 leur licence que vous pouvez trouver \u00e0 l&rsquo;adresse suivante :<br><a href=\"https:\/\/www.pexels.com\/fr-fr\/license\/\" class=\"broken_link\">https:\/\/www.pexels.com\/fr-fr\/license\/<\/a>.<\/p>\n\n\n\n<p><\/p>\n\n\n\n<hr class=\"wp-block-separator has-alpha-channel-opacity\"\/>\n\n\n\n<h2 class=\"wp-block-heading\">Cr\u00e9dits musique<\/h2>\n\n\n\n<p>Les musiques utilis\u00e9es dans cette vid\u00e9o sont issues des albums suivants :<\/p>\n\n\n\n<p>Ant\u00f4nio Carlos Jobim &#8211; Astrud Gilberto : The man From Ipanema &#8211; disque 1 &#8211; Agua De Beber &#8211; \u00e9ditions Verve &#8211; 1995<br>Venezuela : Musique De L&rsquo;Orenoque par Cheo<a href=\"https:\/\/www.amazon.fr\/Cheo-Hurtado\/e\/B000AQ207A\/ref=dp_byline_cont_music_1\"> <\/a>Hurtado\u00a0\u00a0&#8211; disque 1 &#8211; La Josa &#8211; \u00e9ditions Ocora\/ Radio France &#8211; 1997<\/p>\n\n\n\n<p>Tous droits r\u00e9serv\u00e9s aux auteurs et \u00e9diteurs<\/p>\n\n\n\n<hr class=\"wp-block-separator has-alpha-channel-opacity\"\/>\n","protected":false},"excerpt":{"rendered":"<p>Cette vid\u00e9o a \u00e9t\u00e9 r\u00e9alis\u00e9e du 26 au 28 ao\u00fbt dans le cadre de ma formation CDUI avec Adobe After [&hellip;]<\/p>\n","protected":false},"author":1,"featured_media":0,"parent":0,"menu_order":0,"comment_status":"closed","ping_status":"closed","template":"","meta":{"_eb_attr":"","site-sidebar-layout":"default","site-content-layout":"","ast-site-content-layout":"","site-content-style":"default","site-sidebar-style":"default","ast-global-header-display":"","ast-banner-title-visibility":"","ast-main-header-display":"","ast-hfb-above-header-display":"","ast-hfb-below-header-display":"","ast-hfb-mobile-header-display":"","site-post-title":"","ast-breadcrumbs-content":"","ast-featured-img":"","footer-sml-layout":"","theme-transparent-header-meta":"","adv-header-id-meta":"","stick-header-meta":"","header-above-stick-meta":"","header-main-stick-meta":"","header-below-stick-meta":"","astra-migrate-meta-layouts":"default","ast-page-background-enabled":"default","ast-page-background-meta":{"desktop":{"background-color":"var(--ast-global-color-5)","background-image":"","background-repeat":"repeat","background-position":"center center","background-size":"auto","background-attachment":"scroll","background-type":"","background-media":"","overlay-type":"","overlay-color":"","overlay-opacity":"","overlay-gradient":""},"tablet":{"background-color":"","background-image":"","background-repeat":"repeat","background-position":"center center","background-size":"auto","background-attachment":"scroll","background-type":"","background-media":"","overlay-type":"","overlay-color":"","overlay-opacity":"","overlay-gradient":""},"mobile":{"background-color":"","background-image":"","background-repeat":"repeat","background-position":"center center","background-size":"auto","background-attachment":"scroll","background-type":"","background-media":"","overlay-type":"","overlay-color":"","overlay-opacity":"","overlay-gradient":""}},"ast-content-background-meta":{"desktop":{"background-color":"var(--ast-global-color-4)","background-image":"","background-repeat":"repeat","background-position":"center center","background-size":"auto","background-attachment":"scroll","background-type":"","background-media":"","overlay-type":"","overlay-color":"","overlay-opacity":"","overlay-gradient":""},"tablet":{"background-color":"var(--ast-global-color-4)","background-image":"","background-repeat":"repeat","background-position":"center center","background-size":"auto","background-attachment":"scroll","background-type":"","background-media":"","overlay-type":"","overlay-color":"","overlay-opacity":"","overlay-gradient":""},"mobile":{"background-color":"var(--ast-global-color-4)","background-image":"","background-repeat":"repeat","background-position":"center center","background-size":"auto","background-attachment":"scroll","background-type":"","background-media":"","overlay-type":"","overlay-color":"","overlay-opacity":"","overlay-gradient":""}},"footnotes":""},"class_list":["post-926","page","type-page","status-publish","hentry"],"_links":{"self":[{"href":"https:\/\/portfolio.tsao-tsao.com\/index.php?rest_route=\/wp\/v2\/pages\/926","targetHints":{"allow":["GET"]}}],"collection":[{"href":"https:\/\/portfolio.tsao-tsao.com\/index.php?rest_route=\/wp\/v2\/pages"}],"about":[{"href":"https:\/\/portfolio.tsao-tsao.com\/index.php?rest_route=\/wp\/v2\/types\/page"}],"author":[{"embeddable":true,"href":"https:\/\/portfolio.tsao-tsao.com\/index.php?rest_route=\/wp\/v2\/users\/1"}],"replies":[{"embeddable":true,"href":"https:\/\/portfolio.tsao-tsao.com\/index.php?rest_route=%2Fwp%2Fv2%2Fcomments&post=926"}],"version-history":[{"count":8,"href":"https:\/\/portfolio.tsao-tsao.com\/index.php?rest_route=\/wp\/v2\/pages\/926\/revisions"}],"predecessor-version":[{"id":937,"href":"https:\/\/portfolio.tsao-tsao.com\/index.php?rest_route=\/wp\/v2\/pages\/926\/revisions\/937"}],"wp:attachment":[{"href":"https:\/\/portfolio.tsao-tsao.com\/index.php?rest_route=%2Fwp%2Fv2%2Fmedia&parent=926"}],"curies":[{"name":"wp","href":"https:\/\/api.w.org\/{rel}","templated":true}]}}